{"id":1397,"date":"2023-06-18T06:36:15","date_gmt":"2023-06-18T06:36:15","guid":{"rendered":"https:\/\/themeholy.com\/wordpress\/agenxe\/?page_id=1397"},"modified":"2024-04-05T13:53:23","modified_gmt":"2024-04-05T10:53:23","slug":"projelerimiz","status":"publish","type":"page","link":"https:\/\/fikirworks.com\/?page_id=1397","title":{"rendered":"Projelerimiz"},"content":{"rendered":"\t\t<div data-elementor-type=\"wp-page\" data-elementor-id=\"1397\" class=\"elementor elementor-1397\">\n\t\t\t\t\t\t<section class=\"elementor-section elementor-top-section elementor-element elementor-element-12afdc4 elementor-section-boxed elementor-section-height-default elementor-section-height-default\" data-id=\"12afdc4\" data-element_type=\"section\" data-e-type=\"section\">\n\t\t\t\t\t\t<div class=\"elementor-container elementor-column-gap-no\">\n\t\t\t\t\t<div class=\"elementor-column elementor-col-100 elementor-top-column elementor-element elementor-element-eaa7f24\" data-id=\"eaa7f24\" data-element_type=\"column\" data-e-type=\"column\">\n\t\t\t<div class=\"elementor-widget-wrap elementor-element-populated\">\n\t\t\t\t\r\n\t\t<div class=\"elementor-element elementor-element-931c0ed elementor-widget elementor-widget-agenxeportfilofilter\" data-id=\"931c0ed\" data-element_type=\"widget\" data-e-type=\"widget\" data-widget_type=\"agenxeportfilofilter.default\">\n\t\t\t\t<div class=\"elementor-widget-container\">\n\t\t\t\t\t\r\n        <div class=\"text-center\">\r\n            <div class=\"portfolio-filter-btn filter-menu filter-menu-active mb-50\">\r\n                <button data-filter=\"*\" class=\"tab-btn active\" type=\"button\">Show All<\/button>\r\n                                    <button data-filter=\".cat1\" class=\"tab-btn\" type=\"button\">Kurumsal Web Sitesi<\/button>\r\n                                    <button data-filter=\".cat2\" class=\"tab-btn\" type=\"button\">\u00d6zel Yaz\u0131l\u0131m<\/button>\r\n                                    <button data-filter=\".cat3\" class=\"tab-btn\" type=\"button\">QR Menu<\/button>\r\n                            <\/div>\r\n        <\/div>\r\n        <div class=\"row gx-40 gy-40 filter-active\">\r\n                        <div class=\"col-md-6 cat1 filter-item\">\r\n                <div class=\"project-card3 wow fadeInUp\">\r\n                    <div class=\"project-img\">\r\n                        <img decoding=\"async\" src=\"https:\/\/fikirworks.com\/wp-content\/uploads\/2024\/04\/6091268.png\" alt=\"6091268\"  \/>                    <\/div>\r\n                    <a href=\"project-details.html\" class=\"icon-btn\" tabindex=\"-1\"><i class=\"far fa-arrow-up-right\"><\/i><\/a>\r\n                    <div class=\"project-content\">\r\n                        <p class=\"project-card_subtitle th-sub\">Kurumsal Web Sitesi<\/p>\r\n                        <h4 class=\"box-title th-title\"><a href=\"#\">Design4you <\/a><\/h4>\r\n                    <\/div>\r\n                <\/div>\r\n            <\/div>\r\n                        <div class=\"col-md-6 cat2 cat1 filter-item\">\r\n                <div class=\"project-card3 wow fadeInUp\">\r\n                    <div class=\"project-img\">\r\n                        <img decoding=\"async\" src=\"https:\/\/fikirworks.com\/wp-content\/uploads\/2024\/04\/6091266.png\" alt=\"6091266\"  \/>                    <\/div>\r\n                    <a href=\"project-details.html\" class=\"icon-btn\" tabindex=\"-1\"><i class=\"far fa-arrow-up-right\"><\/i><\/a>\r\n                    <div class=\"project-content\">\r\n                        <p class=\"project-card_subtitle th-sub\">\u00d6zel Yaz\u0131l\u0131m<\/p>\r\n                        <h4 class=\"box-title th-title\"><a href=\"#\">Ta\u015f K\u00fct\u00fcphanesi<\/a><\/h4>\r\n                    <\/div>\r\n                <\/div>\r\n            <\/div>\r\n                        <div class=\"col-md-6 cat3 filter-item\">\r\n                <div class=\"project-card3 wow fadeInUp\">\r\n                    <div class=\"project-img\">\r\n                        <img decoding=\"async\" src=\"https:\/\/fikirworks.com\/wp-content\/uploads\/2024\/04\/6091265.png\" alt=\"6091265\"  \/>                    <\/div>\r\n                    <a href=\"project-details.html\" class=\"icon-btn\" tabindex=\"-1\"><i class=\"far fa-arrow-up-right\"><\/i><\/a>\r\n                    <div class=\"project-content\">\r\n                        <p class=\"project-card_subtitle th-sub\">QR Menu<\/p>\r\n                        <h4 class=\"box-title th-title\"><a href=\"#\">Hey DJ<\/a><\/h4>\r\n                    <\/div>\r\n                <\/div>\r\n            <\/div>\r\n                        <div class=\"col-md-6 cat1 filter-item\">\r\n                <div class=\"project-card3 wow fadeInUp\">\r\n                    <div class=\"project-img\">\r\n                        <img decoding=\"async\" src=\"https:\/\/fikirworks.com\/wp-content\/uploads\/2024\/04\/6091267.png\" alt=\"6091267\"  \/>                    <\/div>\r\n                    <a href=\"project-details.html\" class=\"icon-btn\" tabindex=\"-1\"><i class=\"far fa-arrow-up-right\"><\/i><\/a>\r\n                    <div class=\"project-content\">\r\n                        <p class=\"project-card_subtitle th-sub\">Kurumsal Web Sitesi<\/p>\r\n                        <h4 class=\"box-title th-title\"><a href=\"#\">Hey DJ<\/a><\/h4>\r\n                    <\/div>\r\n                <\/div>\r\n            <\/div>\r\n                    <\/div>\r\n\r\n\t\t\t\t\t\t<\/div>\n\t\t\t\t<\/div>\n\t\t\t\t<div class=\"elementor-element elementor-element-e385d73 elementor-hidden-desktop elementor-hidden-tablet elementor-hidden-mobile elementor-widget elementor-widget-agenxebutton\" data-id=\"e385d73\" data-element_type=\"widget\" data-e-type=\"widget\" data-widget_type=\"agenxebutton.default\">\n\t\t\t\t<div class=\"elementor-widget-container\">\n\t\t\t\t\t<div class=\"btn-wrapper btn-group wow fadeInUp\"><a class=\"th-btn th_btn\" href=\"https:\/\/themeholy.com\/wordpress\/agenxe\/contact\/\">Discover More<i class=\"fa-solid fa-arrow-up-right ms-2\"><\/i><\/a><\/div>\t\t\t\t<\/div>\n\t\t\t\t<\/div>\n\t\t\t\t\t<\/div>\n\t\t<\/div>\n\t\t\t\t\t<\/div>\n\t\t<\/section>\n\t\t\t\t<\/div>\n\t\t","protected":false},"excerpt":{"rendered":"<p>Show All Kurumsal Web Sitesi \u00d6zel Yaz\u0131l\u0131m QR Menu Kurumsal Web Sitesi Design4you \u00d6zel Yaz\u0131l\u0131m Ta\u015f K\u00fct\u00fcphanesi QR Menu Hey DJ Kurumsal Web Sitesi Hey DJ Discover More<\/p>\n","protected":false},"author":1,"featured_media":0,"parent":0,"menu_order":0,"comment_status":"closed","ping_status":"closed","template":"template-builder.php","meta":{"om_disable_all_campaigns":false,"_monsterinsights_skip_tracking":false,"_monsterinsights_sitenote_active":false,"_monsterinsights_sitenote_note":"","_monsterinsights_sitenote_category":0,"footnotes":""},"class_list":["post-1397","page","type-page","status-publish","hentry"],"aioseo_notices":[],"_links":{"self":[{"href":"https:\/\/fikirworks.com\/index.php?rest_route=\/wp\/v2\/pages\/1397","targetHints":{"allow":["GET"]}}],"collection":[{"href":"https:\/\/fikirworks.com\/index.php?rest_route=\/wp\/v2\/pages"}],"about":[{"href":"https:\/\/fikirworks.com\/index.php?rest_route=\/wp\/v2\/types\/page"}],"author":[{"embeddable":true,"href":"https:\/\/fikirworks.com\/index.php?rest_route=\/wp\/v2\/users\/1"}],"replies":[{"embeddable":true,"href":"https:\/\/fikirworks.com\/index.php?rest_route=%2Fwp%2Fv2%2Fcomments&post=1397"}],"version-history":[{"count":8,"href":"https:\/\/fikirworks.com\/index.php?rest_route=\/wp\/v2\/pages\/1397\/revisions"}],"predecessor-version":[{"id":1895,"href":"https:\/\/fikirworks.com\/index.php?rest_route=\/wp\/v2\/pages\/1397\/revisions\/1895"}],"wp:attachment":[{"href":"https:\/\/fikirworks.com\/index.php?rest_route=%2Fwp%2Fv2%2Fmedia&parent=1397"}],"curies":[{"name":"wp","href":"https:\/\/api.w.org\/{rel}","templated":true}]}}