{"id":876,"date":"2023-06-13T12:30:54","date_gmt":"2023-06-13T12:30:54","guid":{"rendered":"https:\/\/themeholy.com\/wordpress\/agenxe\/?page_id=876"},"modified":"2024-03-07T17:53:10","modified_gmt":"2024-03-07T14:53:10","slug":"sss","status":"publish","type":"page","link":"https:\/\/fikirworks.com\/?page_id=876","title":{"rendered":"SSS"},"content":{"rendered":"\t\t<div data-elementor-type=\"wp-page\" data-elementor-id=\"876\" class=\"elementor elementor-876\">\n\t\t\t\t\t\t<section class=\"elementor-section elementor-top-section elementor-element elementor-element-96c1659 elementor-section-boxed elementor-section-height-default elementor-section-height-default\" data-id=\"96c1659\" data-element_type=\"section\" data-e-type=\"section\">\n\t\t\t\t\t\t<div class=\"elementor-container elementor-column-gap-no\">\n\t\t\t\t\t<div class=\"elementor-column elementor-col-100 elementor-top-column elementor-element elementor-element-2bbefc0\" data-id=\"2bbefc0\" data-element_type=\"column\" data-e-type=\"column\">\n\t\t\t<div class=\"elementor-widget-wrap elementor-element-populated\">\n\t\t\t\t\r\n\t\t<div class=\"elementor-element elementor-element-34bd6fa elementor-widget elementor-widget-agenxesectiontitle\" data-id=\"34bd6fa\" data-element_type=\"widget\" data-e-type=\"widget\" data-widget_type=\"agenxesectiontitle.default\">\n\t\t\t\t<div class=\"elementor-widget-container\">\n\t\t\t\t\t\t\t<div class=\"title-area\">\r\n\t\t\t\t \t\t\t<span class=\"sub-title wow fadeInUp th-sub\" >\r\n\t\t\t\t\t<img decoding=\"async\" src=\"https:\/\/themeholy.com\/wordpress\/agenxe\/wp-content\/uploads\/2023\/06\/subtitle-star-1.svg\" alt=\"subtitle star 1\"  \/>SSS SORULARI\r\n\t \t\t\t<\/span>\r\n \t\t\t\r\n\t\t\t<h2 class=\"sec-title wow fadeInUp th-title\">S\u0131k\u00e7a Sorulan Sorular\n<\/h2>\t\t<\/div>\r\n\r\n\t\t\t\t\t<\/div>\n\t\t\t\t<\/div>\n\t\t\t\t<section class=\"elementor-section elementor-inner-section elementor-element elementor-element-898a35e elementor-section-full_width elementor-section-height-default elementor-section-height-default\" data-id=\"898a35e\" data-element_type=\"section\" data-e-type=\"section\">\n\t\t\t\t\t\t<div class=\"elementor-container elementor-column-gap-no\">\n\t\t\t\t\t<div class=\"elementor-column elementor-col-100 elementor-inner-column elementor-element elementor-element-a620816\" data-id=\"a620816\" data-element_type=\"column\" data-e-type=\"column\">\n\t\t\t<div class=\"elementor-widget-wrap\">\n\t\t\t\t\t\t\t<\/div>\n\t\t<\/div>\n\t\t\t\t\t<\/div>\n\t\t<\/section>\n\t\t\t\t<section class=\"elementor-section elementor-inner-section elementor-element elementor-element-3516b11 elementor-section-full_width elementor-section-height-default elementor-section-height-default\" data-id=\"3516b11\" data-element_type=\"section\" data-e-type=\"section\">\n\t\t\t\t\t\t<div class=\"elementor-container elementor-column-gap-default\">\n\t\t\t\t\t<div class=\"elementor-column elementor-col-50 elementor-inner-column elementor-element elementor-element-c0ea85b\" data-id=\"c0ea85b\" data-element_type=\"column\" data-e-type=\"column\">\n\t\t\t<div class=\"elementor-widget-wrap elementor-element-populated\">\n\t\t\t\t\t\t<div class=\"elementor-element elementor-element-ff4d781 elementor-widget elementor-widget-agenxefaq\" data-id=\"ff4d781\" data-element_type=\"widget\" data-e-type=\"widget\" data-widget_type=\"agenxefaq.default\">\n\t\t\t\t<div class=\"elementor-widget-container\">\n\t\t\t\t\t        \r\n\t\t<div class=\"accordion-area accordion  wow fadeInUp \" id=\"faqAccordion1\">\r\n\t\t\t            <div class=\"accordion-card\">\r\n            \t                <div class=\"accordion-header\" id=\"collapse-item-69e6268d128f6\">\r\n                    <button class=\"accordion-button \" type=\"button\" data-bs-toggle=\"collapse\"\r\n                        data-bs-target=\"#collapse-69e6268d128f6\" aria-expanded=\"true\" aria-controls=\"collapse-69e6268d128f6\">FikirWorks nedir ve ne t\u00fcr hizmetler sunuyor?<\/button>\r\n                <\/div>\r\n                                                <div id=\"collapse-69e6268d128f6\" class=\"accordion-collapse collapse show\"\r\n                    aria-labelledby=\"collapse-item-69e6268d128f6\" data-bs-parent=\"#faqAccordion1\">\r\n                    <div class=\"accordion-body\">\r\n\t\t\t\t\t\t<p class=\"faq-text\"><div class=\"accordion-card\"><div id=\"collapse-65b0bfda91022\" class=\"accordion-collapse collapse show\" aria-labelledby=\"collapse-item-65b0bfda91022\" data-bs-parent=\"#faqAccordion1\"><div class=\"accordion-body\"><p>FikirWorks, \u0130zmir ve T\u00fcrkiye genelinde web tasar\u0131m\u0131, e-ticaret, dijital reklamc\u0131l\u0131k, sosyal medya y\u00f6netimi, grafik tasar\u0131m ve profesyonel foto\u011fraf\/video \u00e7ekimleri gibi dijital platformlarda hizmet sunan bir ajanst\u0131r. Temel amac\u0131m\u0131z, m\u00fc\u015fterilerimize dijital varl\u0131klar\u0131n\u0131 g\u00fc\u00e7lendirmeleri ve \u00e7evrimi\u00e7i ba\u015far\u0131 elde etmeleri i\u00e7in gereken ara\u00e7lar\u0131 sa\u011flamakt\u0131r.<\/p><\/div><\/div><\/div><\/p>\r\n                    <\/div>\r\n                <\/div>\r\n                            <\/div>\r\n                        <div class=\"accordion-card\">\r\n            \t                <div class=\"accordion-header\" id=\"collapse-item-69e6268d12d9e\">\r\n                    <button class=\"accordion-button collapsed\" type=\"button\" data-bs-toggle=\"collapse\"\r\n                        data-bs-target=\"#collapse-69e6268d12d9e\" aria-expanded=\"false\" aria-controls=\"collapse-69e6268d12d9e\">FikirWorks ile nas\u0131l ileti\u015fime ge\u00e7ebilirim?\n<\/button>\r\n                <\/div>\r\n                                                <div id=\"collapse-69e6268d12d9e\" class=\"accordion-collapse collapse \"\r\n                    aria-labelledby=\"collapse-item-69e6268d12d9e\" data-bs-parent=\"#faqAccordion1\">\r\n                    <div class=\"accordion-body\">\r\n\t\t\t\t\t\t<p class=\"faq-text\"><p>Bize ula\u015fmak i\u00e7in\u00a0ileti\u015fim sayfam\u0131z\u0131\u00a0ziyaret edebilirsiniz. Orada bulunan ileti\u015fim bilgileri arac\u0131l\u0131\u011f\u0131yla bizimle e-posta, telefon veya sosyal medya \u00fczerinden ileti\u015fime ge\u00e7ebilirsiniz. Size h\u0131zl\u0131 ve etkili bir \u015fekilde yan\u0131t vermek i\u00e7in buraday\u0131z.<\/p><\/p>\r\n                    <\/div>\r\n                <\/div>\r\n                            <\/div>\r\n                        <div class=\"accordion-card\">\r\n            \t                <div class=\"accordion-header\" id=\"collapse-item-69e6268d12e83\">\r\n                    <button class=\"accordion-button collapsed\" type=\"button\" data-bs-toggle=\"collapse\"\r\n                        data-bs-target=\"#collapse-69e6268d12e83\" aria-expanded=\"false\" aria-controls=\"collapse-69e6268d12e83\">Web tasar\u0131m hizmetleriniz nas\u0131l \u00e7al\u0131\u015f\u0131r ve ne kadar s\u00fcrede tamamlan\u0131r?<\/button>\r\n                <\/div>\r\n                                                <div id=\"collapse-69e6268d12e83\" class=\"accordion-collapse collapse \"\r\n                    aria-labelledby=\"collapse-item-69e6268d12e83\" data-bs-parent=\"#faqAccordion1\">\r\n                    <div class=\"accordion-body\">\r\n\t\t\t\t\t\t<p class=\"faq-text\"><p>Web tasar\u0131m projelerimiz, m\u00fc\u015fterinin ihtiya\u00e7lar\u0131na ve projenin karma\u015f\u0131kl\u0131\u011f\u0131na ba\u011fl\u0131 olarak farkl\u0131l\u0131k g\u00f6sterir. \u0130lk ad\u0131m, m\u00fc\u015fteri gereksinimlerinizi anlamak ve tasar\u0131m hedeflerinizi belirlemektir. Ard\u0131ndan, tasar\u0131m ve geli\u015ftirme a\u015famalar\u0131na ge\u00e7ilir. Projenin tamamlanma s\u00fcresi, projenin \u00f6l\u00e7e\u011fine ba\u011fl\u0131 olarak de\u011fi\u015febilir, ancak genellikle belirli bir s\u00fcre i\u00e7inde tamamlan\u0131r.<\/p><\/p>\r\n                    <\/div>\r\n                <\/div>\r\n                            <\/div>\r\n                    <\/div>\r\n\r\n    \t\t\t\t<\/div>\n\t\t\t\t<\/div>\n\t\t\t\t\t<\/div>\n\t\t<\/div>\n\t\t\t\t<div class=\"elementor-column elementor-col-50 elementor-inner-column elementor-element elementor-element-a63aced\" data-id=\"a63aced\" data-element_type=\"column\" data-e-type=\"column\">\n\t\t\t<div class=\"elementor-widget-wrap elementor-element-populated\">\n\t\t\t\t\t\t<div class=\"elementor-element elementor-element-72d9dc0 elementor-widget elementor-widget-agenxefaq\" data-id=\"72d9dc0\" data-element_type=\"widget\" data-e-type=\"widget\" data-widget_type=\"agenxefaq.default\">\n\t\t\t\t<div class=\"elementor-widget-container\">\n\t\t\t\t\t        \r\n\t\t<div class=\"accordion-area accordion  wow fadeInUp \" id=\"faqAccordion2\">\r\n\t\t\t            <div class=\"accordion-card\">\r\n            \t                <div class=\"accordion-header\" id=\"collapse-item-69e6268d13c79\">\r\n                    <button class=\"accordion-button \" type=\"button\" data-bs-toggle=\"collapse\"\r\n                        data-bs-target=\"#collapse-69e6268d13c79\" aria-expanded=\"true\" aria-controls=\"collapse-69e6268d13c79\">\u0130nternet reklamlar\u0131 hakk\u0131nda nas\u0131l dan\u0131\u015fmanl\u0131k alabilirim?\n<\/button>\r\n                <\/div>\r\n                                                <div id=\"collapse-69e6268d13c79\" class=\"accordion-collapse collapse show\"\r\n                    aria-labelledby=\"collapse-item-69e6268d13c79\" data-bs-parent=\"#faqAccordion2\">\r\n                    <div class=\"accordion-body\">\r\n\t\t\t\t\t\t<p class=\"faq-text\"><p>\u0130nternet reklamlar\u0131 konusunda dan\u0131\u015fmanl\u0131k almak i\u00e7in bizimle ileti\u015fime ge\u00e7ebilirsiniz. Uzmanlar\u0131m\u0131z, i\u015fletmenizin hedeflerine ve b\u00fct\u00e7esine uygun en iyi reklam stratejilerini belirlemenize yard\u0131mc\u0131 olacakt\u0131r. Reklam kampanyalar\u0131n\u0131z\u0131 planlama, y\u00fcr\u00fctme ve izleme konusunda size rehberlik edece\u011fiz.<\/p><\/p>\r\n                    <\/div>\r\n                <\/div>\r\n                            <\/div>\r\n                        <div class=\"accordion-card\">\r\n            \t                <div class=\"accordion-header\" id=\"collapse-item-69e6268d13d9f\">\r\n                    <button class=\"accordion-button collapsed\" type=\"button\" data-bs-toggle=\"collapse\"\r\n                        data-bs-target=\"#collapse-69e6268d13d9f\" aria-expanded=\"false\" aria-controls=\"collapse-69e6268d13d9f\">FikirWorks ile \u00e7al\u0131\u015fman\u0131n avantajlar\u0131 nelerdir?\n<\/button>\r\n                <\/div>\r\n                                                <div id=\"collapse-69e6268d13d9f\" class=\"accordion-collapse collapse \"\r\n                    aria-labelledby=\"collapse-item-69e6268d13d9f\" data-bs-parent=\"#faqAccordion2\">\r\n                    <div class=\"accordion-body\">\r\n\t\t\t\t\t\t<p class=\"faq-text\"><p>FikirWorks ile \u00e7al\u0131\u015fman\u0131n avantajlar\u0131 aras\u0131nda deneyimli bir ekip, \u00f6zelle\u015ftirilmi\u015f \u00e7\u00f6z\u00fcmler, rekabet\u00e7i fiyatlar, \u00f6l\u00e7\u00fclebilir sonu\u00e7lar ve m\u00fc\u015fteri odakl\u0131 bir yakla\u015f\u0131m bulunur. M\u00fc\u015fterilerimize dijital pazarlama ve web tasar\u0131m\u0131 alan\u0131ndaki en iyi uygulamalar\u0131 sunarak ba\u015far\u0131lar\u0131n\u0131 maksimize etmelerine yard\u0131mc\u0131 oluyoruz.<\/p><\/p>\r\n                    <\/div>\r\n                <\/div>\r\n                            <\/div>\r\n                        <div class=\"accordion-card\">\r\n            \t                <div class=\"accordion-header\" id=\"collapse-item-69e6268d13e56\">\r\n                    <button class=\"accordion-button collapsed\" type=\"button\" data-bs-toggle=\"collapse\"\r\n                        data-bs-target=\"#collapse-69e6268d13e56\" aria-expanded=\"false\" aria-controls=\"collapse-69e6268d13e56\">Projemizi ba\u015flatmak i\u00e7in ne kadar s\u00fcre gereklidir?\n<\/button>\r\n                <\/div>\r\n                                                <div id=\"collapse-69e6268d13e56\" class=\"accordion-collapse collapse \"\r\n                    aria-labelledby=\"collapse-item-69e6268d13e56\" data-bs-parent=\"#faqAccordion2\">\r\n                    <div class=\"accordion-body\">\r\n\t\t\t\t\t\t<p class=\"faq-text\"><p>Projenin karma\u015f\u0131kl\u0131\u011f\u0131na ve \u00f6zelliklerine ba\u011fl\u0131 olarak s\u00fcre de\u011fi\u015febilir. Ancak, projenin detaylar\u0131 hakk\u0131nda daha fazla bilgi verdikten sonra size bir projenin ne kadar s\u00fcrece\u011fi konusunda daha spesifik bilgi sa\u011flayabiliriz.<\/p><\/p>\r\n                    <\/div>\r\n                <\/div>\r\n                            <\/div>\r\n                    <\/div>\r\n\r\n    \t\t\t\t<\/div>\n\t\t\t\t<\/div>\n\t\t\t\t\t<\/div>\n\t\t<\/div>\n\t\t\t\t\t<\/div>\n\t\t<\/section>\n\t\t\t\t\t<\/div>\n\t\t<\/div>\n\t\t\t\t\t<\/div>\n\t\t<\/section>\n\t\t\t\t<\/div>\n\t\t","protected":false},"excerpt":{"rendered":"<p>SSS SORULARI S\u0131k\u00e7a Sorulan Sorular FikirWorks nedir ve ne t\u00fcr hizmetler sunuyor? FikirWorks, \u0130zmir ve T\u00fcrkiye genelinde web tasar\u0131m\u0131, e-ticaret, dijital reklamc\u0131l\u0131k, sosyal medya y\u00f6netimi, grafik tasar\u0131m ve profesyonel foto\u011fraf\/video \u00e7ekimleri gibi dijital platformlarda hizmet sunan bir ajanst\u0131r. Temel amac\u0131m\u0131z, m\u00fc\u015fterilerimize dijital varl\u0131klar\u0131n\u0131 g\u00fc\u00e7lendirmeleri ve \u00e7evrimi\u00e7i ba\u015far\u0131 elde etmeleri i\u00e7in gereken ara\u00e7lar\u0131 sa\u011flamakt\u0131r. FikirWorks ile&#8230;<\/p>\n","protected":false},"author":1,"featured_media":0,"parent":0,"menu_order":0,"comment_status":"closed","ping_status":"closed","template":"template-builder.php","meta":{"om_disable_all_campaigns":false,"_monsterinsights_skip_tracking":false,"_monsterinsights_sitenote_active":false,"_monsterinsights_sitenote_note":"","_monsterinsights_sitenote_category":0,"footnotes":""},"class_list":["post-876","page","type-page","status-publish","hentry"],"aioseo_notices":[],"_links":{"self":[{"href":"https:\/\/fikirworks.com\/index.php?rest_route=\/wp\/v2\/pages\/876","targetHints":{"allow":["GET"]}}],"collection":[{"href":"https:\/\/fikirworks.com\/index.php?rest_route=\/wp\/v2\/pages"}],"about":[{"href":"https:\/\/fikirworks.com\/index.php?rest_route=\/wp\/v2\/types\/page"}],"author":[{"embeddable":true,"href":"https:\/\/fikirworks.com\/index.php?rest_route=\/wp\/v2\/users\/1"}],"replies":[{"embeddable":true,"href":"https:\/\/fikirworks.com\/index.php?rest_route=%2Fwp%2Fv2%2Fcomments&post=876"}],"version-history":[{"count":25,"href":"https:\/\/fikirworks.com\/index.php?rest_route=\/wp\/v2\/pages\/876\/revisions"}],"predecessor-version":[{"id":1756,"href":"https:\/\/fikirworks.com\/index.php?rest_route=\/wp\/v2\/pages\/876\/revisions\/1756"}],"wp:attachment":[{"href":"https:\/\/fikirworks.com\/index.php?rest_route=%2Fwp%2Fv2%2Fmedia&parent=876"}],"curies":[{"name":"wp","href":"https:\/\/api.w.org\/{rel}","templated":true}]}}